{"id":40,"date":"2016-09-10T18:19:21","date_gmt":"2016-09-10T16:19:21","guid":{"rendered":"http:\/\/dmsg-neuss.de\/?page_id=40"},"modified":"2019-03-07T13:54:22","modified_gmt":"2019-03-07T11:54:22","slug":"spenden","status":"publish","type":"page","link":"http:\/\/dmsg-neuss.de\/?page_id=40","title":{"rendered":"Spenden"},"content":{"rendered":"<h3><\/h3>\n<h4><strong>&#8230; sind immer gerne willkommen !!!<\/strong><\/h4>\n<p>Da wir uns ausschlie\u00dflich \u00fcber Spenden finanzieren und s\u00e4mtliche Leistungen durch die ehrenamtliche Unterst\u00fctzung unserer Helferinnen und Helfer bestritten werden, freuen wir uns \u00fcber jede noch so kleine Zuwendung.<\/p>\n<p>Gerne k\u00f6nnen auch Sie zum Fortbestand unserer Arbeit f\u00fcr die an Multiple Sklerose erkrankten Menschen in unserem Rhein-Kreis Neuss sowie zur Vielf\u00e4ltigkeit unserer Aktivit\u00e4ten mit den Betroffenen beitragen. Ihre \u00dcberweisung richten Sie bitte an folgende Kontoverbindung:<\/p>\n<table style=\"border: currentColor !important; border-image: none !important;\">\n<thead><\/thead>\n<tfoot><\/tfoot>\n<tbody>\n<tr>\n<td style=\"padding-right: 20px; border-top-color: currentColor !important; border-top-width: medium !important; border-top-style: none !important;\"><span style=\"color: #33cccc;\"><strong>Kontoinhaber<\/strong><\/span><\/td>\n<td style=\"padding-right: 20px; border-top-color: currentColor !important; border-top-width: medium !important; border-top-style: none !important;\"><span style=\"color: #33cccc;\"><strong>:<\/strong><\/span><\/td>\n<td style=\"padding-left: 20px; border-top-color: currentColor !important; border-top-width: medium !important; border-top-style: none !important;\"><span style=\"color: #33cccc;\"><strong>DMSG Neuss e.V.<\/strong><\/span><\/td>\n<\/tr>\n<tr>\n<td style=\"padding-right: 20px; border-top-color: currentColor !important; border-top-width: medium !important; border-top-style: none !important;\"><span style=\"color: #33cccc;\"><strong>IBAN<\/strong><\/span><\/td>\n<td style=\"padding-right: 20px; border-top-color: currentColor !important; border-top-width: medium !important; border-top-style: none !important;\"><span style=\"color: #33cccc;\"><strong>:<\/strong><\/span><\/td>\n<td style=\"padding-left: 20px; border-top-color: currentColor !important; border-top-width: medium !important; border-top-style: none !important;\"><span style=\"color: #33cccc;\"><strong>DE52 3007 0024 0909 8500 00<\/strong><\/span><\/td>\n<\/tr>\n<tr>\n<td style=\"padding-right: 20px; border-top-color: currentColor !important; border-top-width: medium !important; border-top-style: none !important;\"><span style=\"color: #33cccc;\"><strong>BIC-Code<\/strong><\/span><\/td>\n<td style=\"padding-right: 20px; border-top-color: currentColor !important; border-top-width: medium !important; border-top-style: none !important;\"><span style=\"color: #33cccc;\"><strong>:<\/strong><\/span><\/td>\n<td style=\"padding-left: 20px; border-top-color: currentColor !important; border-top-width: medium !important; border-top-style: none !important;\"><span style=\"color: #33cccc;\"><strong>DEUTDEDB300<\/strong><\/span><\/td>\n<\/tr>\n<tr>\n<td style=\"padding-right: 20px; border-top-color: currentColor !important; border-top-width: medium !important; border-top-style: none !important;\"><span style=\"color: #33cccc;\"><strong>Konto<\/strong><\/span><\/td>\n<td style=\"padding-right: 20px; border-top-color: currentColor !important; border-top-width: medium !important; border-top-style: none !important;\"><span style=\"color: #33cccc;\"><strong>:<\/strong><\/span><\/td>\n<td style=\"padding-left: 20px; border-top-color: currentColor !important; border-top-width: medium !important; border-top-style: none !important;\"><span style=\"color: #33cccc;\"><strong>9098500<\/strong><\/span><\/td>\n<\/tr>\n<tr>\n<td style=\"padding-right: 20px; border-top-color: currentColor !important; border-top-width: medium !important; border-top-style: none !important;\"><span style=\"color: #33cccc;\"><strong>Bankleitzahl<\/strong><\/span><\/td>\n<td style=\"padding-right: 20px; border-top-color: currentColor !important; border-top-width: medium !important; border-top-style: none !important;\"><span style=\"color: #33cccc;\"><strong>:<\/strong><\/span><\/td>\n<td style=\"padding-left: 20px; border-top-color: currentColor !important; border-top-width: medium !important; border-top-style: none !important;\"><span style=\"color: #33cccc;\"><strong>300 700 24<\/strong><\/span><\/td>\n<\/tr>\n<\/tbody>\n<\/table>\n<p>Gerne k\u00f6nnen Sie im Verwendungszweck auch Ihre private Anschrift angeben. Wir werden Ihnen dann eine Zuwendungsbest\u00e4tigung zukommen lassen.<\/p>\n","protected":false},"excerpt":{"rendered":"<p>&#8230; sind immer gerne willkommen !!! Da wir uns ausschlie\u00dflich \u00fcber Spenden finanzieren und s\u00e4mtliche Leistungen durch die ehrenamtliche Unterst\u00fctzung unserer Helferinnen und Helfer bestritten werden, freuen wir uns \u00fcber jede noch so kleine Zuwendung. Gerne k\u00f6nnen auch Sie zum &hellip; <a href=\"http:\/\/dmsg-neuss.de\/?page_id=40\">Weiterlesen <span class=\"meta-nav\">&rarr;<\/span><\/a><\/p>\n","protected":false},"author":1,"featured_media":0,"parent":0,"menu_order":4,"comment_status":"closed","ping_status":"closed","template":"onecolumn-page.php","meta":{"footnotes":""},"class_list":["post-40","page","type-page","status-publish","hentry"],"_links":{"self":[{"href":"http:\/\/dmsg-neuss.de\/index.php?rest_route=\/wp\/v2\/pages\/40","targetHints":{"allow":["GET"]}}],"collection":[{"href":"http:\/\/dmsg-neuss.de\/index.php?rest_route=\/wp\/v2\/pages"}],"about":[{"href":"http:\/\/dmsg-neuss.de\/index.php?rest_route=\/wp\/v2\/types\/page"}],"author":[{"embeddable":true,"href":"http:\/\/dmsg-neuss.de\/index.php?rest_route=\/wp\/v2\/users\/1"}],"replies":[{"embeddable":true,"href":"http:\/\/dmsg-neuss.de\/index.php?rest_route=%2Fwp%2Fv2%2Fcomments&post=40"}],"version-history":[{"count":10,"href":"http:\/\/dmsg-neuss.de\/index.php?rest_route=\/wp\/v2\/pages\/40\/revisions"}],"predecessor-version":[{"id":253,"href":"http:\/\/dmsg-neuss.de\/index.php?rest_route=\/wp\/v2\/pages\/40\/revisions\/253"}],"wp:attachment":[{"href":"http:\/\/dmsg-neuss.de\/index.php?rest_route=%2Fwp%2Fv2%2Fmedia&parent=40"}],"curies":[{"name":"wp","href":"https:\/\/api.w.org\/{rel}","templated":true}]}}