{"id":4,"date":"2016-09-08T13:17:07","date_gmt":"2016-09-08T11:17:07","guid":{"rendered":"http:\/\/dmsg-neuss.de\/?page_id=4"},"modified":"2020-03-13T10:02:14","modified_gmt":"2020-03-13T08:02:14","slug":"die-homepage-der-ortsvereinigung-der-dmsg-neuss-und-umgebung-befindet-sich-aktuell-in-arbeit","status":"publish","type":"page","link":"http:\/\/dmsg-neuss.de\/","title":{"rendered":"Startseite"},"content":{"rendered":"<h4><strong>Herzlich Willkommen auf der\u00a0Homepage des Vereins <span style=\"color: #33cccc;\"><em>Ortsvereinigung der DMSG Neuss und Umgebung e.V.<\/em><\/span> <\/strong><\/h4>\n<h4><strong>Die DMSG Neuss und Umgebung bietet als Ortsverband umfangreiche<br \/>\n<\/strong><\/h4>\n<p><strong>Selbsthilfeangebote f\u00fcr MS -Erkrankte und Ihre Angeh\u00f6rige.<\/strong><\/p>\n<h4><strong>Abe<\/strong><strong>r st\u00f6bern Sie doch schon mal\u00a0&#8230;<\/strong><\/h4>\n","protected":false},"excerpt":{"rendered":"<p>Herzlich Willkommen auf der\u00a0Homepage des Vereins Ortsvereinigung der DMSG Neuss und Umgebung e.V. Die DMSG Neuss und Umgebung bietet als Ortsverband umfangreiche Selbsthilfeangebote f\u00fcr MS -Erkrankte und Ihre Angeh\u00f6rige. Aber st\u00f6bern Sie doch schon mal\u00a0&#8230;<\/p>\n","protected":false},"author":1,"featured_media":0,"parent":0,"menu_order":0,"comment_status":"closed","ping_status":"closed","template":"onecolumn-page.php","meta":{"footnotes":""},"class_list":["post-4","page","type-page","status-publish","hentry"],"_links":{"self":[{"href":"http:\/\/dmsg-neuss.de\/index.php?rest_route=\/wp\/v2\/pages\/4","targetHints":{"allow":["GET"]}}],"collection":[{"href":"http:\/\/dmsg-neuss.de\/index.php?rest_route=\/wp\/v2\/pages"}],"about":[{"href":"http:\/\/dmsg-neuss.de\/index.php?rest_route=\/wp\/v2\/types\/page"}],"author":[{"embeddable":true,"href":"http:\/\/dmsg-neuss.de\/index.php?rest_route=\/wp\/v2\/users\/1"}],"replies":[{"embeddable":true,"href":"http:\/\/dmsg-neuss.de\/index.php?rest_route=%2Fwp%2Fv2%2Fcomments&post=4"}],"version-history":[{"count":18,"href":"http:\/\/dmsg-neuss.de\/index.php?rest_route=\/wp\/v2\/pages\/4\/revisions"}],"predecessor-version":[{"id":404,"href":"http:\/\/dmsg-neuss.de\/index.php?rest_route=\/wp\/v2\/pages\/4\/revisions\/404"}],"wp:attachment":[{"href":"http:\/\/dmsg-neuss.de\/index.php?rest_route=%2Fwp%2Fv2%2Fmedia&parent=4"}],"curies":[{"name":"wp","href":"https:\/\/api.w.org\/{rel}","templated":true}]}}